{"id":116,"date":"2025-03-03T14:36:13","date_gmt":"2025-03-03T14:36:13","guid":{"rendered":"https:\/\/sebstack.com\/?page_id=116"},"modified":"2026-02-11T15:59:29","modified_gmt":"2026-02-11T15:59:29","slug":"english-materials","status":"publish","type":"page","link":"https:\/\/sebstack.com\/index.php\/english-materials\/","title":{"rendered":"English Materials"},"content":{"rendered":"\n<p><\/p>\n\n\n\n<figure class=\"wp-block-image size-full\"><img loading=\"lazy\" decoding=\"async\" width=\"843\" height=\"921\" src=\"https:\/\/sebstack.com\/wp-content\/uploads\/2026\/02\/image-2.png\" alt=\"\" class=\"wp-image-393\" srcset=\"https:\/\/sebstack.com\/wp-content\/uploads\/2026\/02\/image-2.png 843w, https:\/\/sebstack.com\/wp-content\/uploads\/2026\/02\/image-2-275x300.png 275w, https:\/\/sebstack.com\/wp-content\/uploads\/2026\/02\/image-2-768x839.png 768w, https:\/\/sebstack.com\/wp-content\/uploads\/2026\/02\/image-2-624x682.png 624w\" sizes=\"auto, (max-width: 843px) 100vw, 843px\" \/><\/figure>\n\n\n\n<figure class=\"wp-block-image size-full is-resized\"><img loading=\"lazy\" decoding=\"async\" width=\"652\" height=\"902\" src=\"https:\/\/sebstack.com\/wp-content\/uploads\/2026\/02\/image.png\" alt=\"\" class=\"wp-image-389\" style=\"aspect-ratio:0.722845858018917;width:655px;height:auto\" srcset=\"https:\/\/sebstack.com\/wp-content\/uploads\/2026\/02\/image.png 652w, https:\/\/sebstack.com\/wp-content\/uploads\/2026\/02\/image-217x300.png 217w, https:\/\/sebstack.com\/wp-content\/uploads\/2026\/02\/image-624x863.png 624w\" sizes=\"auto, (max-width: 652px) 100vw, 652px\" \/><\/figure>\n\n\n\n<p><\/p>\n\n\n\n<figure class=\"wp-block-image size-full is-resized\"><img loading=\"lazy\" decoding=\"async\" width=\"407\" height=\"533\" src=\"https:\/\/sebstack.com\/wp-content\/uploads\/2026\/02\/image-1.png\" alt=\"\" class=\"wp-image-390\" style=\"aspect-ratio:0.7635953211573979;width:595px;height:auto\" srcset=\"https:\/\/sebstack.com\/wp-content\/uploads\/2026\/02\/image-1.png 407w, https:\/\/sebstack.com\/wp-content\/uploads\/2026\/02\/image-1-229x300.png 229w\" sizes=\"auto, (max-width: 407px) 100vw, 407px\" \/><\/figure>\n\n\n\n<p><\/p>\n\n\n\n<figure class=\"wp-block-embed is-type-video is-provider-youtube wp-block-embed-youtube wp-embed-aspect-16-9 wp-has-aspect-ratio\"><div class=\"wp-block-embed__wrapper\">\n<iframe loading=\"lazy\" title=\"Future tenses   matura\" width=\"625\" height=\"352\" src=\"https:\/\/www.youtube.com\/embed\/REuCxqVx3_w?feature=oembed\" frameborder=\"0\" allow=\"accelerometer; autoplay; clipboard-write; encrypted-media; gyroscope; picture-in-picture; web-share\" referrerpolicy=\"strict-origin-when-cross-origin\" allowfullscreen><\/iframe>\n<\/div><\/figure>\n\n\n\n<p><\/p>\n\n\n\n<figure class=\"wp-block-embed is-type-video is-provider-youtube wp-block-embed-youtube wp-embed-aspect-16-9 wp-has-aspect-ratio\"><div class=\"wp-block-embed__wrapper\">\n<iframe loading=\"lazy\" title=\"Angielski matura: Find mistakes - describing people - Personal details  -\" width=\"625\" height=\"352\" src=\"https:\/\/www.youtube.com\/embed\/vFCGRKkUHik?feature=oembed\" frameborder=\"0\" allow=\"accelerometer; autoplay; clipboard-write; encrypted-media; gyroscope; picture-in-picture; web-share\" referrerpolicy=\"strict-origin-when-cross-origin\" allowfullscreen><\/iframe>\n<\/div><\/figure>\n\n\n\n<p>Above is a sample text for learning English as a second language created by me. <\/p>\n\n\n\n<p>There are some mistakes in the text compared to the image &#8211; find them and re-write the correct text. (Matura po polsku &#8211; znajdz bledy w opisie zdjecia &#8211; tekst po polsku ponizej). <\/p>\n\n\n\n<p><\/p>\n\n\n\n<p>This is Mr. Johnson, my next-door neighbor. He\u2019s a middle-aged man with a bald head and a slim figure. His face has wrinkles, but they seem to tell stories of his life. He always has a newspaper tucked under his arm and greets everyone with a cheerful \u201cGood morning!\u201d He\u2019s the kind of person who notices if you\u2019ve had a bad day and offers a kind word. On weekends, you can spot him working in his garden, humming old songs. This is Anna, a girl who lives in the building next to ours. She\u2019s in her late teens and has the most beautiful curly hair that frames her pretty face perfectly. She\u2019s tall and always looks so elegant, whether she\u2019s heading to school or out with her friends. Anna is friendly but quiet, and I often see her helping her younger brother with his homework. When she walks by, heads turn because of her graceful presence. This is Mr. Kowalski, an elderly man who lives down the street. He has straight, white hair and a beard that makes him look like a wise grandfather. He\u2019s of average height and moves slowly, often leaning on his wooden walking stick. Every morning, I see him walking his little dog, Max, around the park. He always stops to chat with people, and his stories about \u201cthe old days\u201d are surprisingly interesting. Everyone in the neighborhood respects him. This is David, a guy I sometimes see at the caf\u00e9 near my house. He has shoulder-length hair and a handsome face, but his appearance is a bit unusual\u2014maybe it\u2019s his messy clothes or the way he always looks tired. He spends hours typing on his laptop, lost in his thoughts. There\u2019s something about him that\u2019s intriguing, though, like he has a story to tell but keeps it hidden. This is Mrs. Taylor, a woman who works at the local library. She\u2019s fair-skinned, with freckles that make her look younger than she really is. She\u2019s a bit overweight but always full of energy and laughs. Her skinny arms are usually carrying stacks of books, and she always has a kind word for everyone who visits. I love how she remembers what people like to read and recommends the perfect book for them. She\u2019s like the heart of the library. <\/p>\n\n\n\n<p><\/p>\n\n\n\n<p><\/p>\n\n\n\n<p>Polish translation (polska matura). To jest pan Johnson, m\u00f3j s\u0105siad z mieszkania obok. Jest to m\u0119\u017cczyzna w \u015brednim wieku, z \u0142ys\u0105 g\u0142ow\u0105 i szczup\u0142\u0105 sylwetk\u0105. Jego twarz ma zmarszczki, kt\u00f3re wydaj\u0105 si\u0119 opowiada\u0107 historie jego \u017cycia. Zawsze ma gazet\u0119 wsuni\u0119t\u0105 pod rami\u0119 i wita wszystkich radosnym \u201eDzie\u0144 dobry!\u201d. Jest typem osoby, kt\u00f3ra zauwa\u017ca, gdy masz gorszy dzie\u0144, i oferuje mi\u0142e s\u0142owo. W weekendy mo\u017cna go zobaczy\u0107, jak pracuje w swoim ogrodzie, nuc\u0105c stare piosenki. To jest Anna, dziewczyna, kt\u00f3ra mieszka w budynku obok naszego. Jest w p\u00f3\u017anym wieku nastoletnim i ma najpi\u0119kniejsze kr\u0119cone w\u0142osy, kt\u00f3re idealnie otaczaj\u0105 jej \u0142adn\u0105 twarz. Jest wysoka i zawsze wygl\u0105da elegancko, czy to id\u0105c do szko\u0142y, czy wychodz\u0105c ze znajomymi. Anna jest przyjazna, ale cicha, i cz\u0119sto widuj\u0119 j\u0105, jak pomaga m\u0142odszemu bratu w odrabianiu lekcji. Kiedy przechodzi obok, ludzie odwracaj\u0105 g\u0142owy, zauwa\u017caj\u0105c jej wdzi\u0119k. To jest pan Kowalski, starszy pan, kt\u00f3ry mieszka przy ulicy obok. Ma proste, bia\u0142e w\u0142osy i brod\u0119, kt\u00f3ra sprawia, \u017ce wygl\u0105da jak m\u0105dry dziadek. Jest \u015bredniego wzrostu i porusza si\u0119 powoli, cz\u0119sto opieraj\u0105c si\u0119 na drewnianej lasce. Ka\u017cdego ranka widz\u0119, jak spaceruje po parku z ma\u0142ym psem o imieniu Max. Zawsze zatrzymuje si\u0119, aby porozmawia\u0107 z lud\u017ami, a jego historie o \u201estarych czasach\u201d s\u0105 zaskakuj\u0105co ciekawe. Wszyscy w okolicy darz\u0105 go szacunkiem. To jest David, ch\u0142opak, kt\u00f3rego czasami widuj\u0119 w kawiarni niedaleko mojego domu. Ma w\u0142osy si\u0119gaj\u0105ce ramion, przystojn\u0105 twarz, ale jego wygl\u0105d jest nieco nietypowy \u2014 mo\u017ce przez niechlujne ubrania lub wiecznie zm\u0119czony wyraz twarzy. Sp\u0119dza godziny, pisz\u0105c na swoim laptopie, pogr\u0105\u017cony w my\u015blach. Jest w nim co\u015b intryguj\u0105cego, jakby mia\u0142 do opowiedzenia jak\u0105\u015b histori\u0119, ale trzyma\u0142 j\u0105 w tajemnicy. To jest pani Taylor, kobieta pracuj\u0105ca w lokalnej bibliotece. Ma jasn\u0105 cer\u0119 i piegi, kt\u00f3re sprawiaj\u0105, \u017ce wygl\u0105da m\u0142odziej, ni\u017c jest w rzeczywisto\u015bci. Jest troch\u0119 pulchna, ale zawsze pe\u0142na energii i \u015bmiechu. Jej szczup\u0142e r\u0119ce zwykle d\u017awigaj\u0105 stosy ksi\u0105\u017cek, a ona zawsze ma mi\u0142e s\u0142owo dla ka\u017cdego, kto odwiedza bibliotek\u0119. Uwielbiam, jak pami\u0119ta, co ludzie lubi\u0105 czyta\u0107, i poleca im idealne ksi\u0105\u017cki. Jest jak serce tej biblioteki.<\/p>\n","protected":false},"excerpt":{"rendered":"<p>Above is a sample text for learning English as a second language created by me. There are some mistakes in the text compared to the image &#8211; find them and re-write the correct text. (Matura po polsku &#8211; znajdz bledy w opisie zdjecia &#8211; tekst po polsku ponizej). This is Mr. Johnson, my next-door neighbor. [&hellip;]<\/p>\n","protected":false},"author":1,"featured_media":0,"parent":0,"menu_order":0,"comment_status":"closed","ping_status":"closed","template":"","meta":{"footnotes":""},"class_list":["post-116","page","type-page","status-publish","hentry"],"_links":{"self":[{"href":"https:\/\/sebstack.com\/index.php\/wp-json\/wp\/v2\/pages\/116","targetHints":{"allow":["GET"]}}],"collection":[{"href":"https:\/\/sebstack.com\/index.php\/wp-json\/wp\/v2\/pages"}],"about":[{"href":"https:\/\/sebstack.com\/index.php\/wp-json\/wp\/v2\/types\/page"}],"author":[{"embeddable":true,"href":"https:\/\/sebstack.com\/index.php\/wp-json\/wp\/v2\/users\/1"}],"replies":[{"embeddable":true,"href":"https:\/\/sebstack.com\/index.php\/wp-json\/wp\/v2\/comments?post=116"}],"version-history":[{"count":6,"href":"https:\/\/sebstack.com\/index.php\/wp-json\/wp\/v2\/pages\/116\/revisions"}],"predecessor-version":[{"id":394,"href":"https:\/\/sebstack.com\/index.php\/wp-json\/wp\/v2\/pages\/116\/revisions\/394"}],"wp:attachment":[{"href":"https:\/\/sebstack.com\/index.php\/wp-json\/wp\/v2\/media?parent=116"}],"curies":[{"name":"wp","href":"https:\/\/api.w.org\/{rel}","templated":true}]}}